{"id":9878,"date":"2021-02-15T16:38:03","date_gmt":"2021-02-15T16:38:03","guid":{"rendered":"https:\/\/akbergwines.com\/?post_type=product&#038;p=9878"},"modified":"2021-05-19T20:39:51","modified_gmt":"2021-05-19T20:39:51","slug":"papazkarasi","status":"publish","type":"product","link":"https:\/\/akbergwines.com\/ru\/product\/papazkarasi\/","title":{"rendered":"\u041f\u0430\u043f\u0430\u0437\u043a\u0430\u0440\u0430\u0441\u044b"},"content":{"rendered":"","protected":false},"excerpt":{"rendered":"<p>\u2022 75 CL<br \/>\n\u2022 %12,5 Alkol Oran\u0131<br \/>\n\u2022 16\u00b0 &#8211; 17\u00b0<\/p>\n<p>From \u00d6k\u00fczg\u00f6z\u00fc, the special grape of Diyarbakir and Bo\u011fazkere, the famous grape of Elaz\u0131\u011f our cupage, which we get, is dominated by red fruit and plump body. It is especially recommended to be consumed with cheddar cheese and grilled red meats.<\/p>\n<table class=\"wp-list-table widefat fixed striped table-view-list posts\">\n<tbody id=\"the-list\">\n<tr id=\"post-10013\" class=\"iedit author-self level-0 post-10013 type-aoc_popup status-publish hentry\">\n<td class=\"popupaoc_shortcode column-popupaoc_shortcode\" data-colname=\"Shortcode\">[popup_anything id=\"10013\"]<\/td>\n<\/tr>\n<\/tbody>\n<\/table>\n","protected":false},"featured_media":9871,"comment_status":"open","ping_status":"closed","template":"","meta":[],"product_brand":[],"product_cat":[319],"product_tag":[316,317,318],"class_list":{"0":"post-9878","1":"product","2":"type-product","3":"status-publish","4":"has-post-thumbnail","6":"product_cat-classic-tastes","7":"product_tag-fruit","8":"product_tag-wine","9":"product_tag-wino","12":"first","13":"instock","14":"shipping-taxable","15":"product-type-simple"},"_links":{"self":[{"href":"https:\/\/akbergwines.com\/ru\/wp-json\/wp\/v2\/product\/9878","targetHints":{"allow":["GET"]}}],"collection":[{"href":"https:\/\/akbergwines.com\/ru\/wp-json\/wp\/v2\/product"}],"about":[{"href":"https:\/\/akbergwines.com\/ru\/wp-json\/wp\/v2\/types\/product"}],"replies":[{"embeddable":true,"href":"https:\/\/akbergwines.com\/ru\/wp-json\/wp\/v2\/comments?post=9878"}],"wp:featuredmedia":[{"embeddable":true,"href":"https:\/\/akbergwines.com\/ru\/wp-json\/wp\/v2\/media\/9871"}],"wp:attachment":[{"href":"https:\/\/akbergwines.com\/ru\/wp-json\/wp\/v2\/media?parent=9878"}],"wp:term":[{"taxonomy":"product_brand","embeddable":true,"href":"https:\/\/akbergwines.com\/ru\/wp-json\/wp\/v2\/product_brand?post=9878"},{"taxonomy":"product_cat","embeddable":true,"href":"https:\/\/akbergwines.com\/ru\/wp-json\/wp\/v2\/product_cat?post=9878"},{"taxonomy":"product_tag","embeddable":true,"href":"https:\/\/akbergwines.com\/ru\/wp-json\/wp\/v2\/product_tag?post=9878"}],"curies":[{"name":"wp","href":"https:\/\/api.w.org\/{rel}","templated":true}]}}