{"id":9863,"date":"2021-02-15T16:31:10","date_gmt":"2021-02-15T16:31:10","guid":{"rendered":"https:\/\/akbergwines.com\/?post_type=product&#038;p=9863"},"modified":"2021-05-19T20:44:01","modified_gmt":"2021-05-19T20:44:01","slug":"bogazkere-okuzgozu","status":"publish","type":"product","link":"https:\/\/akbergwines.com\/ru\/product\/bogazkere-okuzgozu\/","title":{"rendered":"Boazkere &amp; \u00d6k\u00fczg\u00f6z\u00fc"},"content":{"rendered":"","protected":false},"excerpt":{"rendered":"<p>\u2022\u00a075 CL<br \/>\n\u2022 12.5% Alcohol Content<br \/>\n\u2022 16\u00b0 &#8211; 17\u00b0<\/p>\n<p>Our cupage, obtained from the special grape \u00d6k\u00fczg\u00f6z\u00fc of Diyarbakir and the famous grape Bo\u011fazkere of Elaz\u0131\u011f, has a red fruit dominant and plump body. It is especially recommended to consume with cheddar cheese and grilled red meats<\/p>\n<table class=\"wp-list-table widefat fixed striped table-view-list posts\">\n<tbody id=\"the-list\">\n<tr id=\"post-10013\" class=\"iedit author-self level-0 post-10013 type-aoc_popup status-publish hentry\">\n<td class=\"popupaoc_shortcode column-popupaoc_shortcode\" data-colname=\"Shortcode\">[popup_anything id=\"10013\"]<\/td>\n<\/tr>\n<\/tbody>\n<\/table>\n","protected":false},"featured_media":9864,"comment_status":"open","ping_status":"closed","template":"","meta":[],"product_brand":[],"product_cat":[319],"product_tag":[316,317,318],"class_list":{"0":"post-9863","1":"product","2":"type-product","3":"status-publish","4":"has-post-thumbnail","6":"product_cat-classic-tastes","7":"product_tag-fruit","8":"product_tag-wine","9":"product_tag-wino","12":"first","13":"instock","14":"shipping-taxable","15":"product-type-simple"},"_links":{"self":[{"href":"https:\/\/akbergwines.com\/ru\/wp-json\/wp\/v2\/product\/9863","targetHints":{"allow":["GET"]}}],"collection":[{"href":"https:\/\/akbergwines.com\/ru\/wp-json\/wp\/v2\/product"}],"about":[{"href":"https:\/\/akbergwines.com\/ru\/wp-json\/wp\/v2\/types\/product"}],"replies":[{"embeddable":true,"href":"https:\/\/akbergwines.com\/ru\/wp-json\/wp\/v2\/comments?post=9863"}],"wp:featuredmedia":[{"embeddable":true,"href":"https:\/\/akbergwines.com\/ru\/wp-json\/wp\/v2\/media\/9864"}],"wp:attachment":[{"href":"https:\/\/akbergwines.com\/ru\/wp-json\/wp\/v2\/media?parent=9863"}],"wp:term":[{"taxonomy":"product_brand","embeddable":true,"href":"https:\/\/akbergwines.com\/ru\/wp-json\/wp\/v2\/product_brand?post=9863"},{"taxonomy":"product_cat","embeddable":true,"href":"https:\/\/akbergwines.com\/ru\/wp-json\/wp\/v2\/product_cat?post=9863"},{"taxonomy":"product_tag","embeddable":true,"href":"https:\/\/akbergwines.com\/ru\/wp-json\/wp\/v2\/product_tag?post=9863"}],"curies":[{"name":"wp","href":"https:\/\/api.w.org\/{rel}","templated":true}]}}