{"id":25,"date":"2017-05-17T20:05:52","date_gmt":"2017-05-17T20:05:52","guid":{"rendered":"https:\/\/akbergwines.com\/?page_id=25"},"modified":"2023-02-06T11:03:03","modified_gmt":"2023-02-06T11:03:03","slug":"contact","status":"publish","type":"page","link":"https:\/\/akbergwines.com\/ru\/contact\/","title":{"rendered":"\u041a\u043e\u043d\u0442\u0430\u043a\u0442"},"content":{"rendered":"<section data-vc-full-width=\"true\" data-vc-full-width-init=\"false\" class=\"vc_section\"><div class=\"vc_row wpb_row vc_row-fluid vc_row-o-content-top vc_row-flex\"><div class=\"wpb_column vc_column_container vc_col-sm-4 vc_col-lg-4 vc_col-md-6 text-align-center-sm-ms\"><div class=\"vc_column-inner\"><div class=\"wpb_wrapper\"><div class=\"ltx-content-width col-align-left\" id=\"like_sc_content_width_787287017\" style=\"max-width: 370px\"><div class=\"ltx-wrapper\"><div class=\"heading  header-subheader align-left color-main transform-default theme-icon-second icon-type-hidden   vc_custom_1619570698485 heading-tag-h3\" id=\"like_sc_header_472311134\"><h3 class=\"header ltx-sr-id-like_sc_header_472311134108276394 ltx-sr ltx-sr-effect-fade_in ltx-sr-el-block ltx-sr-delay-0 ltx-sr-duration-1000 ltx-sr-sequences-0\">\u0410\u043a\u0431\u0435\u0440\u0433 \u0412\u0438\u043d\u0430 \u043e\u043f\u0442\u043e\u043c<\/h3><\/div>\n\t<div class=\"wpb_text_column wpb_content_element  wpb_animate_when_almost_visible wpb_fadeInLeftBig fadeInLeftBig\" >\n\t\t<div class=\"wpb_wrapper\">\n\t\t\t<p>\u0412\u0438\u043d\u0430 Akberg - \u044d\u0442\u043e \u043b\u0443\u0447\u0448\u0438\u0435 \u0438 \u0441\u0430\u043c\u044b\u0435 \u0438\u043d\u043d\u043e\u0432\u0430\u0446\u0438\u043e\u043d\u043d\u044b\u0435 \u0444\u0440\u0443\u043a\u0442\u043e\u0432\u044b\u0435 \u0432\u0438\u043d\u0430 \u0432 \u041f\u043e\u043b\u044c\u0448\u0435. \u0421\u0438\u043b\u0430 \u043a\u043e\u043c\u043f\u0430\u043d\u0438\u0438 \u0438\u0441\u0445\u043e\u0434\u0438\u0442 \u0438\u0437 \u0438\u0441\u0442\u043e\u0440\u0438\u0447\u0435\u0441\u043a\u043e\u0433\u043e \u0433\u043e\u0440\u043e\u0434\u043a\u0430 \u0428\u0438\u0440\u0438\u043d\u0434\u0436-\u0412\u0438\u043b\u043b\u0438\u0434\u0436 \u0432 \u0422\u0443\u0440\u0446\u0438\u0438. \u041c\u044b \u044f\u0432\u043b\u044f\u0435\u043c\u0441\u044f \u043b\u0438\u0434\u0435\u0440\u043e\u043c \u0440\u044b\u043d\u043a\u0430 \u0444\u0440\u0443\u043a\u0442\u043e\u0432\u044b\u0445 \u0432\u0438\u043d \u0432 \u0422\u0443\u0440\u0446\u0438\u0438, \u0442\u0435\u043f\u0435\u0440\u044c \u043c\u044b \u043d\u0430\u0445\u043e\u0434\u0438\u043c\u0441\u044f \u0432 \u041f\u043e\u043b\u044c\u0448\u0435. \u0421\u0432\u044f\u0436\u0438\u0442\u0435\u0441\u044c \u0441 \u043d\u0430\u043c\u0438, \u0447\u0442\u043e\u0431\u044b \u043f\u0440\u0435\u0434\u043e\u0441\u0442\u0430\u0432\u0438\u0442\u044c \u0432\u0430\u0448\u0438\u043c \u043a\u043b\u0438\u0435\u043d\u0442\u0430\u043c \u0441\u0430\u043c\u044b\u0435 \u043b\u0443\u0447\u0448\u0438\u0435 \u0444\u0440\u0443\u043a\u0442\u043e\u0432\u044b\u0435 \u0432\u043f\u0435\u0447\u0430\u0442\u043b\u0435\u043d\u0438\u044f, \u043a\u043e\u0442\u043e\u0440\u044b\u0435 \u043e\u043d\u0438 \u043c\u043e\u0433\u0443\u0442 \u043f\u043e\u043b\u0443\u0447\u0438\u0442\u044c.<\/p>\n<p>\u0412\u0441\u0435 \u043f\u0440\u0430\u0432\u0430 Akberg Wines Polska \u043f\u0440\u0438\u043d\u0430\u0434\u043b\u0435\u0436\u0430\u0442 Team Knocknock Sp. z oo<\/p>\n\n\t\t<\/div>\n\t<\/div>\n<div class=\"align-default\"><ul class=\"social-icons-list bg-main  icon-weight-bold\" id=\"like_sc_header_1978778234\"><li class=\"\"><a href=\"https:\/\/www.facebook.com\/search\/top\/?q=akberg%20wines%20polska\"><span class=\"fab fa-facebook\"><\/span><span class=\"head\">Facebook<\/span><\/a><\/li><li class=\"\"><a href=\"https:\/\/www.youtube.com\/channel\/UCDpvskzC6DPX0gHiqwamm5A\"><span class=\"fab fa-youtube\"><\/span><span class=\"head\">YouTube<\/span><\/a><\/li><li class=\"\"><a href=\"https:\/\/www.instagram.com\/sheki_vincent\/\"><span class=\"fab fa-instagram\"><\/span><span class=\"head\">Instagram<\/span><\/a><\/li><\/ul><\/div><\/div><\/div><\/div><\/div><\/div><div class=\"wpb_column vc_column_container vc_col-sm-4\"><div class=\"vc_column-inner\"><div class=\"wpb_wrapper\"><div class=\"align-default\"><ul class=\"social-icons-list   vc_custom_1675681364216 bg-main  icon-weight-bold\" id=\"like_sc_header_439934967\"><li class=\"\"><span class=\"fas fa-phone-alt\"><\/span><span class=\"head\">+48 793 247 822 (EN) - \u0422\u0443\u043d\u0447 \u041c\u0435\u0440\u0438\u0447<\/span><\/li><li class=\"\"><span class=\"fas fa-phone-alt\"><\/span><span class=\"head\"> +48 791 445 099 (PL) - Anna W\u00f3jcik<\/span><\/li><li class=\"\"><a href=\"#\"><span class=\"fas fa-envelope\"><\/span><span class=\"head\">contact@akbergwines.com<\/span><\/a><\/li><li class=\"\"><span class=\"fas fa-map-marker-alt\"><\/span><span class=\"head\">\u0443\u043b. \u041c\u0430\u0440\u0448\u0430\u043b\u043a\u043e\u0432\u0441\u043a\u0430\u044f 84\/92\/2 00-514<\/span><\/li><\/ul><\/div><\/div><\/div><\/div><div class=\"wpb_column vc_column_container vc_col-sm-4\"><div class=\"vc_column-inner\"><div class=\"wpb_wrapper\"><div class=\"heading  header-subheader align-left color-black subcolor-main transform-default theme-icon-second icon-type-hidden   vc_custom_1619570522263 heading-tag-h3\" id=\"like_sc_header_2072869967\"><h3 class=\"header ltx-sr-id-like_sc_header_2072869967177161836 ltx-sr ltx-sr-effect-fade_in ltx-sr-el-block ltx-sr-delay-0 ltx-sr-duration-1000 ltx-sr-sequences-0\">\u0420\u0430\u0431\u043e\u0447\u0435\u0435 \u0432\u0440\u0435\u043c\u044f<\/h3><\/div>\n\t<div class=\"wpb_text_column wpb_content_element  wpb_animate_when_almost_visible wpb_fadeInUpBig fadeInUpBig\" >\n\t\t<div class=\"wpb_wrapper\">\n\t\t\t<ul class=\"ltx-hours\">\n<li><strong>\u041f\u043e\u043d\u0435\u0434\u0435\u043b\u044c\u043d\u0438\u043a: <\/strong><strong>9:00 &#8211; 19:00<\/strong><\/li>\n<li><strong>\u0412\u0442\u043e\u0440\u043d\u0438\u043a:<\/strong> <strong>9:00 &#8211; 19:00<\/strong><\/li>\n<li><strong>\u0421\u0440\u0435\u0434\u0430:<\/strong> <strong>9:00 &#8211; 19:00<\/strong><\/li>\n<li><strong>\u0427\u0435\u0442\u0432\u0435\u0440\u0433:<\/strong> <strong>9:00 &#8211; 19:00<\/strong><\/li>\n<li><strong>\u041f\u044f\u0442\u043d\u0438\u0446\u0430:<\/strong> <strong>9:00 &#8211; 19:00<\/strong><\/li>\n<li><strong>\u0421\u0443\u0431\u0431\u043e\u0442\u0430:<\/strong> <strong>11:00 &#8211; 16:00<\/strong><\/li>\n<li><strong>\u0412\u043e\u0441\u043a\u0440\u0435\u0441\u0435\u043d\u044c\u0435:<\/strong> <strong>11:00 &#8211; 16:00<\/strong><\/li>\n<\/ul>\n\n\t\t<\/div>\n\t<\/div>\n<\/div><\/div><\/div><\/div><div class=\"vc_row wpb_row vc_row-fluid\"><div class=\"wpb_column vc_column_container vc_col-sm-12\"><div class=\"vc_column-inner\"><div class=\"wpb_wrapper\"><div class=\"es-resp\">\t<div class=\"visible-xl\" style=\"height: 80px;\"><\/div>\t<div class=\"hidden-xl hidden-md hidden-sm hidden-ms hidden-xs\" style=\"height: 80px;\"><\/div>\t<div class=\"visible-md\" style=\"height: 80px;\"><\/div>\t<div class=\"visible-sm\" style=\"height: 80px;\"><\/div>\t<div class=\"visible-ms\" style=\"height: 80px;\"><\/div>\t<div class=\"visible-xs\" style=\"height: 80px;\"><\/div><\/div><\/div><\/div><\/div><\/div><div data-vc-full-width=\"true\" data-vc-full-width-init=\"false\" class=\"vc_row wpb_row vc_row-fluid bg-color-gray\"><div class=\"wpb_animate_when_almost_visible wpb_fadeInUpBig fadeInUpBig wpb_column vc_column_container vc_col-sm-12 bg-parallax ltx-bg-parallax-enabled ltx-bg-parallax-value-0.2\"><div class=\"vc_column-inner\"><div class=\"wpb_wrapper\"><div class=\"ltx-content-width col-align-center\" id=\"like_sc_content_width_698470068\" style=\"max-width: 1050px\"><div class=\"ltx-wrapper\"><div class=\"heading  header-subheader align-center color-black subcolor-main transform-default theme-icon-second icon-type-default   vc_custom_1549397383733 heading-tag-h3\" id=\"like_sc_header_320804799\"><h3 class=\"header ltx-sr-id-like_sc_header_320804799113844286 ltx-sr ltx-sr-effect-fade_in ltx-sr-el-block ltx-sr-delay-0 ltx-sr-duration-1000 ltx-sr-sequences-0\">\u041e\u0442\u043f\u0440\u0430\u0432\u0438\u0442\u044c \u0441\u043e\u043e\u0431\u0449\u0435\u043d\u0438\u0435<\/h3><\/div><div class=\"ltx-contact-form-7 transform-default form-center form-transparent form-bg-transparent form-style-default form-btn-default form-btn-default form-padding-none    vc_custom_1622415623324\" id=\"like_sc_contact_form_7_247954634\">\n<div class=\"wpcf7 no-js\" id=\"wpcf7-f1555-o2\" lang=\"en-US\" dir=\"ltr\" data-wpcf7-id=\"1555\">\n<div class=\"screen-reader-response\"><p role=\"status\" aria-live=\"polite\" aria-atomic=\"true\"><\/p> <ul><\/ul><\/div>\n<form action=\"\/ru\/wp-json\/wp\/v2\/pages\/25#wpcf7-f1555-o2\" method=\"post\" class=\"wpcf7-form init\" aria-label=\"Contact form\" novalidate=\"novalidate\" data-status=\"init\" data-trp-original-action=\"\/ru\/wp-json\/wp\/v2\/pages\/25#wpcf7-f1555-o2\">\n<fieldset class=\"hidden-fields-container\"><input type=\"hidden\" name=\"_wpcf7\" value=\"1555\" \/><input type=\"hidden\" name=\"_wpcf7_version\" value=\"6.1.5\" \/><input type=\"hidden\" name=\"_wpcf7_locale\" value=\"en_US\" \/><input type=\"hidden\" name=\"_wpcf7_unit_tag\" value=\"wpcf7-f1555-o2\" \/><input type=\"hidden\" name=\"_wpcf7_container_post\" value=\"0\" \/><input type=\"hidden\" name=\"_wpcf7_posted_data_hash\" value=\"\" \/>\n<\/fieldset>\n<p><label> \u0422\u0432\u043e\u0435 \u0438\u043c\u044f<br \/>\n<span class=\"wpcf7-form-control-wrap\" data-name=\"your-name\"><input size=\"40\" maxlength=\"400\" class=\"wpcf7-form-control wpcf7-text wpcf7-validates-as-required\" aria-required=\"true\" aria-invalid=\"false\" value=\"\" type=\"text\" name=\"your-name\" \/><\/span> <\/label>\n<\/p>\n<p><label> \u0412\u0430\u0448 \u0430\u0434\u0440\u0435\u0441 \u044d\u043b\u0435\u043a\u0442\u0440\u043e\u043d\u043d\u043e\u0439 \u043f\u043e\u0447\u0442\u044b<br \/>\n<span class=\"wpcf7-form-control-wrap\" data-name=\"your-email\"><input size=\"40\" maxlength=\"400\" class=\"wpcf7-form-control wpcf7-email wpcf7-validates-as-required wpcf7-text wpcf7-validates-as-email\" aria-required=\"true\" aria-invalid=\"false\" value=\"\" type=\"email\" name=\"your-email\" \/><\/span> <\/label>\n<\/p>\n<p><label> \u0412\u0430\u0448\u0435 \u0441\u043e\u043e\u0431\u0449\u0435\u043d\u0438\u0435<br \/>\n<span class=\"wpcf7-form-control-wrap\" data-name=\"your-message\"><textarea cols=\"40\" rows=\"10\" maxlength=\"2000\" class=\"wpcf7-form-control wpcf7-textarea\" aria-invalid=\"false\" name=\"your-message\"><\/textarea><\/span> <\/label>\n<\/p>\n<p><input class=\"wpcf7-form-control wpcf7-submit has-spinner\" type=\"submit\" value=\"\u041f\u0440\u0435\u0434\u0441\u0442\u0430\u0432\u043b\u044f\u0442\u044c \u043d\u0430 \u0440\u0430\u0441\u0441\u043c\u043e\u0442\u0440\u0435\u043d\u0438\u0435\" \/>\n<\/p><div class=\"wpcf7-response-output\" aria-hidden=\"true\"><\/div>\n<input type=\"hidden\" name=\"trp-form-language\" value=\"ru\"\/><\/form>\n<\/div>\n<\/div><\/div><\/div><\/div><\/div><\/div><\/div><div class=\"vc_row-full-width vc_clearfix\"><\/div><\/section><div class=\"vc_row-full-width vc_clearfix\"><\/div><div data-vc-full-width=\"true\" data-vc-full-width-init=\"false\" data-vc-stretch-content=\"true\" class=\"vc_row wpb_row vc_row-fluid vc_row-no-padding\"><div class=\"wpb_column vc_column_container vc_col-sm-12\"><div class=\"vc_column-inner\"><div class=\"wpb_wrapper\"><div class=\"es-resp\">\t<div class=\"visible-xl\" style=\"height: 100px;\"><\/div>\t<div class=\"hidden-xl hidden-md hidden-sm hidden-ms hidden-xs\" style=\"height: 100px;\"><\/div>\t<div class=\"visible-md\" style=\"height: 100px;\"><\/div>\t<div class=\"visible-sm\" style=\"height: 100px;\"><\/div>\t<div class=\"visible-ms\" style=\"height: 32px;\"><\/div>\t<div class=\"visible-xs\" style=\"height: 32px;\"><\/div><\/div><div class=\"wpb_gmaps_widget wpb_content_element wpb_animate_when_almost_visible wpb_fadeInDown fadeInDown\"><div class=\"wpb_wrapper\"><div class=\"wpb_map_wraper\"><iframe src=\"https:\/\/www.google.com\/maps\/embed?pb=!1m18!1m12!1m3!1d50352.25051107289!2d27.466729582099784!3d37.93006467562488!2m3!1f0!2f0!3f0!3m2!1i1024!2i768!4f13.1!3m3!1m2!1s0x14b94cbf45084c1b%3A0xcbaef247f164319d!2zxZ9pcmluw6dlIGFrYmVyZyDFn2FyYXBldmk!5e0!3m2!1str!2str!4v1619571262785!5m2!1str!2str\" width=\"600\" height=\"450\" style=\"border:0;\" allowfullscreen=\"\" loading=\"lazy\"><\/iframe><\/div><\/div><\/div><div class=\"es-resp\">\t<div class=\"visible-xl\" style=\"height: 100px;\"><\/div>\t<div class=\"hidden-xl hidden-md hidden-sm hidden-ms hidden-xs\" style=\"height: 100px;\"><\/div>\t<div class=\"visible-md\" style=\"height: 100px;\"><\/div>\t<div class=\"visible-sm\" style=\"height: 100px;\"><\/div>\t<div class=\"visible-ms\" style=\"height: 32px;\"><\/div>\t<div class=\"visible-xs\" style=\"height: 32px;\"><\/div><\/div><\/div><\/div><\/div><\/div><div class=\"vc_row-full-width vc_clearfix\"><\/div>","protected":false},"excerpt":{"rendered":"Akberg Wines Wholesale Akberg wines provide the best and most innovative fruit wines in Poland. The power of the company comes from the historic town \u015eirince Village in Turkey.\u00a0 We are the leader of the fruit wine market in Turkey,\u00a0 now we are in Poland. Contact us to provide your customers with the best fruit experience they can get. Akberg Wines Polska all rights belong to Team Knocknock Sp. z o.o. FacebookYoutubeInstagram+48 793 247 822 (EN) - Tun\u00e7 Meri\u00e7 +48 791 445 099 (PL) - Anna W\u00f3jcikcontact@akbergwines.comul. Marsza\u0142kowska 84\/92\/2 00-514Working Hours Monday: 9:00 - 19:00 Tuesday: 9:00 - 19:00 Wednesday: 9:00 - 19:00 Thursday: 9:00 - 19:00 Friday: 9:00 - 19:00 Saturday: 11:00 - 16:00 Sunday: 11:00 - 16:00 Send [...]","protected":false},"author":1,"featured_media":0,"parent":0,"menu_order":0,"comment_status":"closed","ping_status":"closed","template":"page-templates\/full-width.php","meta":{"footnotes":""},"class_list":["post-25","page","type-page","status-publish","hentry"],"_links":{"self":[{"href":"https:\/\/akbergwines.com\/ru\/wp-json\/wp\/v2\/pages\/25","targetHints":{"allow":["GET"]}}],"collection":[{"href":"https:\/\/akbergwines.com\/ru\/wp-json\/wp\/v2\/pages"}],"about":[{"href":"https:\/\/akbergwines.com\/ru\/wp-json\/wp\/v2\/types\/page"}],"author":[{"embeddable":true,"href":"https:\/\/akbergwines.com\/ru\/wp-json\/wp\/v2\/users\/1"}],"replies":[{"embeddable":true,"href":"https:\/\/akbergwines.com\/ru\/wp-json\/wp\/v2\/comments?post=25"}],"version-history":[{"count":19,"href":"https:\/\/akbergwines.com\/ru\/wp-json\/wp\/v2\/pages\/25\/revisions"}],"predecessor-version":[{"id":10459,"href":"https:\/\/akbergwines.com\/ru\/wp-json\/wp\/v2\/pages\/25\/revisions\/10459"}],"wp:attachment":[{"href":"https:\/\/akbergwines.com\/ru\/wp-json\/wp\/v2\/media?parent=25"}],"curies":[{"name":"wp","href":"https:\/\/api.w.org\/{rel}","templated":true}]}}